{"id":27,"date":"2025-02-03T17:45:38","date_gmt":"2025-02-03T17:45:38","guid":{"rendered":"https:\/\/theproducer.click\/casacontainer\/?page_id=27"},"modified":"2026-03-12T18:48:19","modified_gmt":"2026-03-12T18:48:19","slug":"projete-seu-espaco","status":"publish","type":"page","link":"https:\/\/mormod.pt\/es\/projete-seu-espaco\/","title":{"rendered":"Dise\u00f1a tu espacio"},"content":{"rendered":"<div data-elementor-type=\"wp-page\" data-elementor-id=\"27\" class=\"elementor elementor-27\" data-elementor-post-type=\"page\">\n\t\t\t\t<div class=\"elementor-element elementor-element-2bf8ee2d e-flex e-con-boxed e-con e-parent\" data-id=\"2bf8ee2d\" data-element_type=\"container\" data-settings=\"{&quot;background_background&quot;:&quot;classic&quot;}\">\n\t\t\t\t\t<div class=\"e-con-inner\">\n\t\t\t\t<div class=\"elementor-element elementor-element-6c3ae258 elementor-widget elementor-widget-heading\" data-id=\"6c3ae258\" data-element_type=\"widget\" data-widget_type=\"heading.default\">\n\t\t\t\t<div class=\"elementor-widget-container\">\n\t\t\t\t\t<h1 class=\"elementor-heading-title elementor-size-default\">Tu espacio, a tu medida<\/h1>\t\t\t\t<\/div>\n\t\t\t\t<\/div>\n\t\t\t\t<div class=\"elementor-element elementor-element-6cb9ec0e elementor-widget__width-initial elementor-widget-tablet__width-initial elementor-widget elementor-widget-text-editor\" data-id=\"6cb9ec0e\" data-element_type=\"widget\" data-widget_type=\"text-editor.default\">\n\t\t\t\t<div class=\"elementor-widget-container\">\n\t\t\t\t\t\t\t\t\t<p>Personaliza cada detalle de tu casa modular, elige el tama\u00f1o, la distribuci\u00f3n, los acabados y crea un espacio verdaderamente tuyo.<\/p>\t\t\t\t\t\t\t\t<\/div>\n\t\t\t\t<\/div>\n\t\t\t\t<div class=\"elementor-element elementor-element-50fd2c6d elementor-align-center elementor-widget elementor-widget-button\" data-id=\"50fd2c6d\" data-element_type=\"widget\" data-widget_type=\"button.default\">\n\t\t\t\t<div class=\"elementor-widget-container\">\n\t\t\t\t\t\t\t\t\t<div class=\"elementor-button-wrapper\">\n\t\t\t\t\t<a class=\"elementor-button elementor-button-link elementor-size-sm elementor-animation-grow\" href=\"https:\/\/mormod.pt\/es\/contacto\/\">\n\t\t\t\t\t\t<span class=\"elementor-button-content-wrapper\">\n\t\t\t\t\t\t\t\t\t<span class=\"elementor-button-text\">Cont\u00e1ctanos<\/span>\n\t\t\t\t\t<\/span>\n\t\t\t\t\t<\/a>\n\t\t\t\t<\/div>\n\t\t\t\t\t\t\t\t<\/div>\n\t\t\t\t<\/div>\n\t\t\t\t\t<\/div>\n\t\t\t\t<\/div>\n\t\t<div class=\"elementor-element elementor-element-1546586f e-flex e-con-boxed e-con e-parent\" data-id=\"1546586f\" data-element_type=\"container\">\n\t\t\t\t\t<div class=\"e-con-inner\">\n\t\t<div class=\"elementor-element elementor-element-2e9e93b5 e-con-full e-flex e-con e-child\" data-id=\"2e9e93b5\" data-element_type=\"container\">\n\t\t\t\t<div class=\"elementor-element elementor-element-74504be9 elementor-widget elementor-widget-heading\" data-id=\"74504be9\" data-element_type=\"widget\" data-widget_type=\"heading.default\">\n\t\t\t\t<div class=\"elementor-widget-container\">\n\t\t\t\t\t<h2 class=\"elementor-heading-title elementor-size-default\">Proyectos aut\u00e9nticos y a medida<\/h2>\t\t\t\t<\/div>\n\t\t\t\t<\/div>\n\t\t\t\t<div class=\"elementor-element elementor-element-7c93ead0 elementor-widget elementor-widget-text-editor\" data-id=\"7c93ead0\" data-element_type=\"widget\" data-widget_type=\"text-editor.default\">\n\t\t\t\t<div class=\"elementor-widget-container\">\n\t\t\t\t\t\t\t\t\t<p>Mormod, cada proyecto nace del equilibrio entre dise\u00f1o, funcionalidad y estilo de vida. Creamos soluciones modulares que se adaptan a tus necesidades, con distribuciones inteligentes, materiales de calidad y libertad de elecci\u00f3n.<br \/>Desde el tama\u00f1o del espacio hasta los acabados, todo est\u00e1 pensado para reflejar tu identidad y ofrecer una experiencia de vida c\u00f3moda, pr\u00e1ctica y en armon\u00eda con el entorno.<\/p>\t\t\t\t\t\t\t\t<\/div>\n\t\t\t\t<\/div>\n\t\t\t\t<\/div>\n\t\t\t\t\t<\/div>\n\t\t\t\t<\/div>\n\t\t<div class=\"elementor-element elementor-element-44a5272c e-flex e-con-boxed e-con e-parent\" data-id=\"44a5272c\" data-element_type=\"container\">\n\t\t\t\t\t<div class=\"e-con-inner\">\n\t\t\t\t<div class=\"elementor-element elementor-element-2e0cc4a9 elementor-widget elementor-widget-image\" data-id=\"2e0cc4a9\" data-element_type=\"widget\" data-widget_type=\"image.default\">\n\t\t\t\t<div class=\"elementor-widget-container\">\n\t\t\t\t\t\t\t\t\t\t\t\t\t\t\t<img fetchpriority=\"high\" decoding=\"async\" width=\"753\" height=\"1023\" src=\"https:\/\/mormod.pt\/wp-content\/uploads\/2026\/03\/Design-sem-nome-74.jpg\" class=\"attachment-large size-large wp-image-1894 wvs-archive-product-image\" alt=\"\" srcset=\"https:\/\/mormod.pt\/wp-content\/uploads\/2026\/03\/Design-sem-nome-74.jpg 753w, https:\/\/mormod.pt\/wp-content\/uploads\/2026\/03\/Design-sem-nome-74-221x300.jpg 221w, https:\/\/mormod.pt\/wp-content\/uploads\/2026\/03\/Design-sem-nome-74-9x12.jpg 9w, https:\/\/mormod.pt\/wp-content\/uploads\/2026\/03\/Design-sem-nome-74-600x815.jpg 600w\" sizes=\"(max-width: 753px) 100vw, 753px\" \/>\t\t\t\t\t\t\t\t\t\t\t\t\t\t\t<\/div>\n\t\t\t\t<\/div>\n\t\t<div class=\"elementor-element elementor-element-6715698c e-con-full e-flex e-con e-child\" data-id=\"6715698c\" data-element_type=\"container\">\n\t\t\t\t<div class=\"elementor-element elementor-element-b000b02 elementor-widget elementor-widget-heading\" data-id=\"b000b02\" data-element_type=\"widget\" data-widget_type=\"heading.default\">\n\t\t\t\t<div class=\"elementor-widget-container\">\n\t\t\t\t\t<h2 class=\"elementor-heading-title elementor-size-default\">Modelos Modulares Mormod<\/h2>\t\t\t\t<\/div>\n\t\t\t\t<\/div>\n\t\t\t\t<div class=\"elementor-element elementor-element-fe3bd51 elementor-widget elementor-widget-text-editor\" data-id=\"fe3bd51\" data-element_type=\"widget\" data-widget_type=\"text-editor.default\">\n\t\t\t\t<div class=\"elementor-widget-container\">\n\t\t\t\t\t\t\t\t\t<p><span style=\"font-weight: 400;\">La casa Mormod se construye con estructura met\u00e1lica ligera (LSF \u2013 Light Steel Framing), que combina robustez, precisi\u00f3n y sostenibilidad. Cada capa de los componentes est\u00e1 pensada para maximizar el confort y minimizar el impacto ambiental.<\/span><\/p><p><span style=\"font-weight: 400;\">Componentes principales<\/span><\/p><p><span style=\"font-weight: 400;\">Cobertura:\u00a0<\/span><span style=\"font-weight: 400;\">Paneles met\u00e1licos con aislamiento t\u00e9rmico y ac\u00fastico integrado<\/span><\/p><p><span style=\"font-weight: 400;\">Paredes exteriores: sistema LSF con aislamiento de lana mineral, protecci\u00f3n contra la humedad y revestimiento a elecci\u00f3n<\/span><\/p><p><span style=\"font-weight: 400;\">Suelo: Base reforzada con aislamiento t\u00e9rmico y ac\u00fastico, acabados en madera, cer\u00e1mica o vinilo<\/span><\/p><p><span style=\"font-weight: 400;\">Instala\u00e7\u00f5es: <\/span><span style=\"font-weight: 400;\">Instalaciones el\u00e9ctricas y de fontaner\u00eda integradas de f\u00e1brica con preinstalaci\u00f3n para paneles solares<\/span><\/p>\t\t\t\t\t\t\t\t<\/div>\n\t\t\t\t<\/div>\n\t\t\t\t<div class=\"elementor-element elementor-element-5b5feb9b elementor-align-left elementor-widget elementor-widget-button\" data-id=\"5b5feb9b\" data-element_type=\"widget\" data-widget_type=\"button.default\">\n\t\t\t\t<div class=\"elementor-widget-container\">\n\t\t\t\t\t\t\t\t\t<div class=\"elementor-button-wrapper\">\n\t\t\t\t\t<a class=\"elementor-button elementor-button-link elementor-size-sm elementor-animation-grow\" href=\"https:\/\/mormod.pt\/es\/#personalizar\">\n\t\t\t\t\t\t<span class=\"elementor-button-content-wrapper\">\n\t\t\t\t\t\t\t\t\t<span class=\"elementor-button-text\">Personaliza tu casa<\/span>\n\t\t\t\t\t<\/span>\n\t\t\t\t\t<\/a>\n\t\t\t\t<\/div>\n\t\t\t\t\t\t\t\t<\/div>\n\t\t\t\t<\/div>\n\t\t\t\t<\/div>\n\t\t\t\t\t<\/div>\n\t\t\t\t<\/div>\n\t\t<div class=\"elementor-element elementor-element-2f60df19 e-flex e-con-boxed e-con e-parent\" data-id=\"2f60df19\" data-element_type=\"container\">\n\t\t\t\t\t<div class=\"e-con-inner\">\n\t\t<div class=\"elementor-element elementor-element-3158ebe7 e-con-full e-flex e-con e-child\" data-id=\"3158ebe7\" data-element_type=\"container\">\n\t\t\t\t<div class=\"elementor-element elementor-element-60716f6d elementor-widget elementor-widget-image\" data-id=\"60716f6d\" data-element_type=\"widget\" data-widget_type=\"image.default\">\n\t\t\t\t<div class=\"elementor-widget-container\">\n\t\t\t\t\t\t\t\t\t\t\t\t\t\t\t<img decoding=\"async\" width=\"800\" height=\"640\" src=\"https:\/\/mormod.pt\/wp-content\/uploads\/2026\/03\/7.jpg\" class=\"attachment-large size-large wp-image-1848 wvs-archive-product-image\" alt=\"\" srcset=\"https:\/\/mormod.pt\/wp-content\/uploads\/2026\/03\/7.jpg 1000w, https:\/\/mormod.pt\/wp-content\/uploads\/2026\/03\/7-300x240.jpg 300w, https:\/\/mormod.pt\/wp-content\/uploads\/2026\/03\/7-768x614.jpg 768w, https:\/\/mormod.pt\/wp-content\/uploads\/2026\/03\/7-15x12.jpg 15w, https:\/\/mormod.pt\/wp-content\/uploads\/2026\/03\/7-600x480.jpg 600w\" sizes=\"(max-width: 800px) 100vw, 800px\" \/>\t\t\t\t\t\t\t\t\t\t\t\t\t\t\t<\/div>\n\t\t\t\t<\/div>\n\t\t\t\t<\/div>\n\t\t<div class=\"elementor-element elementor-element-fa07cc e-con-full e-flex e-con e-child\" data-id=\"fa07cc\" data-element_type=\"container\">\n\t\t\t\t<div class=\"elementor-element elementor-element-17de93c5 elementor-widget elementor-widget-heading\" data-id=\"17de93c5\" data-element_type=\"widget\" data-widget_type=\"heading.default\">\n\t\t\t\t<div class=\"elementor-widget-container\">\n\t\t\t\t\t<h2 class=\"elementor-heading-title elementor-size-default\">Elige el estilo que combina contigo<\/h2>\t\t\t\t<\/div>\n\t\t\t\t<\/div>\n\t\t\t\t<div class=\"elementor-element elementor-element-29d7c2c7 elementor-widget elementor-widget-text-editor\" data-id=\"29d7c2c7\" data-element_type=\"widget\" data-widget_type=\"text-editor.default\">\n\t\t\t\t<div class=\"elementor-widget-container\">\n\t\t\t\t\t\t\t\t\t<p>Con diferentes opciones de revestimientos, colores y acabados, puedes personalizar el exterior de tu casa Mormod para integrarla perfectamente en el entorno donde ser\u00e1 instalada.<br data-start=\"484\" data-end=\"487\" \/>Ya sea con un estilo m\u00e1s natural, contempor\u00e1neo o minimalista, tu casa refleja tu gusto y se adapta a su entorno.<\/p>\t\t\t\t\t\t\t\t<\/div>\n\t\t\t\t<\/div>\n\t\t\t\t<\/div>\n\t\t\t\t\t<\/div>\n\t\t\t\t<\/div>\n\t\t<div class=\"elementor-element elementor-element-3fc6ced8 e-flex e-con-boxed e-con e-parent\" data-id=\"3fc6ced8\" data-element_type=\"container\">\n\t\t\t\t\t<div class=\"e-con-inner\">\n\t\t<div class=\"elementor-element elementor-element-49f743ac e-con-full e-flex e-con e-child\" data-id=\"49f743ac\" data-element_type=\"container\" data-settings=\"{&quot;background_background&quot;:&quot;classic&quot;}\">\n\t\t\t\t<div class=\"elementor-element elementor-element-3c2709ca elementor-widget elementor-widget-image\" data-id=\"3c2709ca\" data-element_type=\"widget\" data-widget_type=\"image.default\">\n\t\t\t\t<div class=\"elementor-widget-container\">\n\t\t\t\t\t\t\t\t\t\t\t\t\t\t\t<img decoding=\"async\" width=\"1000\" height=\"800\" src=\"https:\/\/mormod.pt\/wp-content\/uploads\/2026\/03\/Design-sem-nome-2025-12-31T000200.907.png\" class=\"attachment-full size-full wp-image-1895 wvs-archive-product-image\" alt=\"\" srcset=\"https:\/\/mormod.pt\/wp-content\/uploads\/2026\/03\/Design-sem-nome-2025-12-31T000200.907.png 1000w, https:\/\/mormod.pt\/wp-content\/uploads\/2026\/03\/Design-sem-nome-2025-12-31T000200.907-300x240.png 300w, https:\/\/mormod.pt\/wp-content\/uploads\/2026\/03\/Design-sem-nome-2025-12-31T000200.907-768x614.png 768w, https:\/\/mormod.pt\/wp-content\/uploads\/2026\/03\/Design-sem-nome-2025-12-31T000200.907-15x12.png 15w, https:\/\/mormod.pt\/wp-content\/uploads\/2026\/03\/Design-sem-nome-2025-12-31T000200.907-600x480.png 600w\" sizes=\"(max-width: 1000px) 100vw, 1000px\" \/>\t\t\t\t\t\t\t\t\t\t\t\t\t\t\t<\/div>\n\t\t\t\t<\/div>\n\t\t\t\t<\/div>\n\t\t<div class=\"elementor-element elementor-element-2965962c e-con-full e-flex e-con e-child\" data-id=\"2965962c\" data-element_type=\"container\">\n\t\t\t\t<div class=\"elementor-element elementor-element-28adeb7c elementor-widget elementor-widget-heading\" data-id=\"28adeb7c\" data-element_type=\"widget\" data-widget_type=\"heading.default\">\n\t\t\t\t<div class=\"elementor-widget-container\">\n\t\t\t\t\t<h2 class=\"elementor-heading-title elementor-size-default\">Organiza tus espacios a tu manera<\/h2>\t\t\t\t<\/div>\n\t\t\t\t<\/div>\n\t\t\t\t<div class=\"elementor-element elementor-element-277f5f1c elementor-widget elementor-widget-text-editor\" data-id=\"277f5f1c\" data-element_type=\"widget\" data-widget_type=\"text-editor.default\">\n\t\t\t\t<div class=\"elementor-widget-container\">\n\t\t\t\t\t\t\t\t\t<p class=\"translation-block\">Puedes elegir la configuraci\u00f3n interior ideal para tu d\u00eda a d\u00eda. Define el n\u00famero de dormitorios, la distribuci\u00f3n de los espacios, la posici\u00f3n del balc\u00f3n y el aprovechamiento de la luz natural. Creamos m\u00f3dulos inteligentes para que cada espacio se adapte a tu confort y estilo de vida.<\/p>\t\t\t\t\t\t\t\t<\/div>\n\t\t\t\t<\/div>\n\t\t\t\t<\/div>\n\t\t\t\t\t<\/div>\n\t\t\t\t<\/div>\n\t\t\t\t<\/div>","protected":false},"excerpt":{"rendered":"<p>O Seu Espa\u00e7o \u00e0 Sua Medida Personalize cada detalhe da sua casa modular, escolha o tamanho, layout, acabamentos e crie um espa\u00e7o verdadeiramente seu FALE CONNOSCO Projetos aut\u00eanticos e sob medida Mormod, cada projeto nasce do equil\u00edbrio entre design, funcionalidade e estilo de vida. Criamos solu\u00e7\u00f5es modulares que se adaptam \u00e0s suas necessidades, com layouts [&hellip;]<\/p>","protected":false},"author":1,"featured_media":0,"parent":0,"menu_order":0,"comment_status":"closed","ping_status":"closed","template":"elementor_header_footer","meta":{"inline_featured_image":false,"footnotes":""},"class_list":["post-27","page","type-page","status-publish","hentry"],"yoast_head":"<!-- This site is optimized with the Yoast SEO plugin v26.7 - https:\/\/yoast.com\/wordpress\/plugins\/seo\/ -->\n<title>Projete sua Casa Modular sob Medida | Mormod<\/title>\n<meta name=\"description\" content=\"Na Mormod voc\u00ea pode projetar sua casa modular de forma personalizada. Escolha o interior, o tamnho e o estilo da faxada.\" \/>\n<meta name=\"robots\" content=\"index, follow, max-snippet:-1, max-image-preview:large, max-video-preview:-1\" \/>\n<link rel=\"canonical\" href=\"https:\/\/mormod.pt\/es\/projete-seu-espaco\/\" \/>\n<meta property=\"og:locale\" content=\"es_ES\" \/>\n<meta property=\"og:type\" content=\"article\" \/>\n<meta property=\"og:title\" content=\"Projete sua Casa Modular sob Medida | Mormod\" \/>\n<meta property=\"og:description\" content=\"Na Mormod voc\u00ea pode projetar sua casa modular de forma personalizada. Escolha o interior, o tamnho e o estilo da faxada.\" \/>\n<meta property=\"og:url\" content=\"https:\/\/mormod.pt\/es\/projete-seu-espaco\/\" \/>\n<meta property=\"og:site_name\" content=\"Mormod\" \/>\n<meta property=\"article:publisher\" content=\"https:\/\/www.facebook.com\/p\/Mormod-61575240494873\/\" \/>\n<meta property=\"article:modified_time\" content=\"2026-03-12T18:48:19+00:00\" \/>\n<meta property=\"og:image\" content=\"https:\/\/mormod.pt\/wp-content\/uploads\/2026\/03\/Design-sem-nome-74.jpg\" \/>\n\t<meta property=\"og:image:width\" content=\"753\" \/>\n\t<meta property=\"og:image:height\" content=\"1023\" \/>\n\t<meta property=\"og:image:type\" content=\"image\/jpeg\" \/>\n<meta name=\"twitter:card\" content=\"summary_large_image\" \/>\n<meta name=\"twitter:label1\" content=\"Tiempo de lectura\" \/>\n\t<meta name=\"twitter:data1\" content=\"3 minutos\" \/>\n<script type=\"application\/ld+json\" class=\"yoast-schema-graph\">{\"@context\":\"https:\/\/schema.org\",\"@graph\":[{\"@type\":\"WebPage\",\"@id\":\"https:\/\/mormod.pt\/projete-seu-espaco\/\",\"url\":\"https:\/\/mormod.pt\/projete-seu-espaco\/\",\"name\":\"Projete sua Casa Modular sob Medida | Mormod\",\"isPartOf\":{\"@id\":\"https:\/\/mormod.pt\/#website\"},\"primaryImageOfPage\":{\"@id\":\"https:\/\/mormod.pt\/projete-seu-espaco\/#primaryimage\"},\"image\":{\"@id\":\"https:\/\/mormod.pt\/projete-seu-espaco\/#primaryimage\"},\"thumbnailUrl\":\"https:\/\/mormod.pt\/wp-content\/uploads\/2026\/03\/Design-sem-nome-74.jpg\",\"datePublished\":\"2025-02-03T17:45:38+00:00\",\"dateModified\":\"2026-03-12T18:48:19+00:00\",\"description\":\"Na Mormod voc\u00ea pode projetar sua casa modular de forma personalizada. Escolha o interior, o tamnho e o estilo da faxada.\",\"breadcrumb\":{\"@id\":\"https:\/\/mormod.pt\/projete-seu-espaco\/#breadcrumb\"},\"inLanguage\":\"es\",\"potentialAction\":[{\"@type\":\"ReadAction\",\"target\":[\"https:\/\/mormod.pt\/projete-seu-espaco\/\"]}]},{\"@type\":\"ImageObject\",\"inLanguage\":\"es\",\"@id\":\"https:\/\/mormod.pt\/projete-seu-espaco\/#primaryimage\",\"url\":\"https:\/\/mormod.pt\/wp-content\/uploads\/2026\/03\/Design-sem-nome-74.jpg\",\"contentUrl\":\"https:\/\/mormod.pt\/wp-content\/uploads\/2026\/03\/Design-sem-nome-74.jpg\"},{\"@type\":\"BreadcrumbList\",\"@id\":\"https:\/\/mormod.pt\/projete-seu-espaco\/#breadcrumb\",\"itemListElement\":[{\"@type\":\"ListItem\",\"position\":1,\"name\":\"In\u00edcio\",\"item\":\"https:\/\/mormod.pt\/\"},{\"@type\":\"ListItem\",\"position\":2,\"name\":\"Projete seu espa\u00e7o\"}]},{\"@type\":\"WebSite\",\"@id\":\"https:\/\/mormod.pt\/#website\",\"url\":\"https:\/\/mormod.pt\/\",\"name\":\"Mormod Modular System\",\"description\":\"Modular System\",\"publisher\":{\"@id\":\"https:\/\/mormod.pt\/#organization\"},\"potentialAction\":[{\"@type\":\"SearchAction\",\"target\":{\"@type\":\"EntryPoint\",\"urlTemplate\":\"https:\/\/mormod.pt\/?s={search_term_string}\"},\"query-input\":{\"@type\":\"PropertyValueSpecification\",\"valueRequired\":true,\"valueName\":\"search_term_string\"}}],\"inLanguage\":\"es\"},{\"@type\":\"Organization\",\"@id\":\"https:\/\/mormod.pt\/#organization\",\"name\":\"Mormod\",\"url\":\"https:\/\/mormod.pt\/\",\"logo\":{\"@type\":\"ImageObject\",\"inLanguage\":\"es\",\"@id\":\"https:\/\/mormod.pt\/#\/schema\/logo\/image\/\",\"url\":\"https:\/\/mormod.pt\/wp-content\/uploads\/2025\/02\/Design-sem-nome-98-e1739211116137.png\",\"contentUrl\":\"https:\/\/mormod.pt\/wp-content\/uploads\/2025\/02\/Design-sem-nome-98-e1739211116137.png\",\"width\":403,\"height\":113,\"caption\":\"Mormod\"},\"image\":{\"@id\":\"https:\/\/mormod.pt\/#\/schema\/logo\/image\/\"},\"sameAs\":[\"https:\/\/www.facebook.com\/p\/Mormod-61575240494873\/\",\"https:\/\/www.instagram.com\/mormod_modularsystem\/\"]}]}<\/script>\n<!-- \/ Yoast SEO plugin. -->","yoast_head_json":{"title":"Projete sua Casa Modular sob Medida | Mormod","description":"Na Mormod voc\u00ea pode projetar sua casa modular de forma personalizada. Escolha o interior, o tamnho e o estilo da faxada.","robots":{"index":"index","follow":"follow","max-snippet":"max-snippet:-1","max-image-preview":"max-image-preview:large","max-video-preview":"max-video-preview:-1"},"canonical":"https:\/\/mormod.pt\/es\/projete-seu-espaco\/","og_locale":"es_ES","og_type":"article","og_title":"Projete sua Casa Modular sob Medida | Mormod","og_description":"Na Mormod voc\u00ea pode projetar sua casa modular de forma personalizada. Escolha o interior, o tamnho e o estilo da faxada.","og_url":"https:\/\/mormod.pt\/es\/projete-seu-espaco\/","og_site_name":"Mormod","article_publisher":"https:\/\/www.facebook.com\/p\/Mormod-61575240494873\/","article_modified_time":"2026-03-12T18:48:19+00:00","og_image":[{"width":753,"height":1023,"url":"https:\/\/mormod.pt\/wp-content\/uploads\/2026\/03\/Design-sem-nome-74.jpg","type":"image\/jpeg"}],"twitter_card":"summary_large_image","twitter_misc":{"Tiempo de lectura":"3 minutos"},"schema":{"@context":"https:\/\/schema.org","@graph":[{"@type":"WebPage","@id":"https:\/\/mormod.pt\/projete-seu-espaco\/","url":"https:\/\/mormod.pt\/projete-seu-espaco\/","name":"Projete sua Casa Modular sob Medida | Mormod","isPartOf":{"@id":"https:\/\/mormod.pt\/#website"},"primaryImageOfPage":{"@id":"https:\/\/mormod.pt\/projete-seu-espaco\/#primaryimage"},"image":{"@id":"https:\/\/mormod.pt\/projete-seu-espaco\/#primaryimage"},"thumbnailUrl":"https:\/\/mormod.pt\/wp-content\/uploads\/2026\/03\/Design-sem-nome-74.jpg","datePublished":"2025-02-03T17:45:38+00:00","dateModified":"2026-03-12T18:48:19+00:00","description":"Na Mormod voc\u00ea pode projetar sua casa modular de forma personalizada. Escolha o interior, o tamnho e o estilo da faxada.","breadcrumb":{"@id":"https:\/\/mormod.pt\/projete-seu-espaco\/#breadcrumb"},"inLanguage":"es","potentialAction":[{"@type":"ReadAction","target":["https:\/\/mormod.pt\/projete-seu-espaco\/"]}]},{"@type":"ImageObject","inLanguage":"es","@id":"https:\/\/mormod.pt\/projete-seu-espaco\/#primaryimage","url":"https:\/\/mormod.pt\/wp-content\/uploads\/2026\/03\/Design-sem-nome-74.jpg","contentUrl":"https:\/\/mormod.pt\/wp-content\/uploads\/2026\/03\/Design-sem-nome-74.jpg"},{"@type":"BreadcrumbList","@id":"https:\/\/mormod.pt\/projete-seu-espaco\/#breadcrumb","itemListElement":[{"@type":"ListItem","position":1,"name":"In\u00edcio","item":"https:\/\/mormod.pt\/"},{"@type":"ListItem","position":2,"name":"Projete seu espa\u00e7o"}]},{"@type":"WebSite","@id":"https:\/\/mormod.pt\/#website","url":"https:\/\/mormod.pt\/","name":"Mormod Modular System","description":"Modular System","publisher":{"@id":"https:\/\/mormod.pt\/#organization"},"potentialAction":[{"@type":"SearchAction","target":{"@type":"EntryPoint","urlTemplate":"https:\/\/mormod.pt\/?s={search_term_string}"},"query-input":{"@type":"PropertyValueSpecification","valueRequired":true,"valueName":"search_term_string"}}],"inLanguage":"es"},{"@type":"Organization","@id":"https:\/\/mormod.pt\/#organization","name":"Mormod","url":"https:\/\/mormod.pt\/","logo":{"@type":"ImageObject","inLanguage":"es","@id":"https:\/\/mormod.pt\/#\/schema\/logo\/image\/","url":"https:\/\/mormod.pt\/wp-content\/uploads\/2025\/02\/Design-sem-nome-98-e1739211116137.png","contentUrl":"https:\/\/mormod.pt\/wp-content\/uploads\/2025\/02\/Design-sem-nome-98-e1739211116137.png","width":403,"height":113,"caption":"Mormod"},"image":{"@id":"https:\/\/mormod.pt\/#\/schema\/logo\/image\/"},"sameAs":["https:\/\/www.facebook.com\/p\/Mormod-61575240494873\/","https:\/\/www.instagram.com\/mormod_modularsystem\/"]}]}},"_links":{"self":[{"href":"https:\/\/mormod.pt\/es\/wp-json\/wp\/v2\/pages\/27","targetHints":{"allow":["GET"]}}],"collection":[{"href":"https:\/\/mormod.pt\/es\/wp-json\/wp\/v2\/pages"}],"about":[{"href":"https:\/\/mormod.pt\/es\/wp-json\/wp\/v2\/types\/page"}],"author":[{"embeddable":true,"href":"https:\/\/mormod.pt\/es\/wp-json\/wp\/v2\/users\/1"}],"replies":[{"embeddable":true,"href":"https:\/\/mormod.pt\/es\/wp-json\/wp\/v2\/comments?post=27"}],"version-history":[{"count":30,"href":"https:\/\/mormod.pt\/es\/wp-json\/wp\/v2\/pages\/27\/revisions"}],"predecessor-version":[{"id":1905,"href":"https:\/\/mormod.pt\/es\/wp-json\/wp\/v2\/pages\/27\/revisions\/1905"}],"wp:attachment":[{"href":"https:\/\/mormod.pt\/es\/wp-json\/wp\/v2\/media?parent=27"}],"curies":[{"name":"wp","href":"https:\/\/api.w.org\/{rel}","templated":true}]}}