{"id":27,"date":"2025-02-03T17:45:38","date_gmt":"2025-02-03T17:45:38","guid":{"rendered":"https:\/\/theproducer.click\/casacontainer\/?page_id=27"},"modified":"2026-03-12T18:48:19","modified_gmt":"2026-03-12T18:48:19","slug":"projete-seu-espaco","status":"publish","type":"page","link":"https:\/\/mormod.pt\/fr\/projete-seu-espaco\/","title":{"rendered":"Concevez votre espace"},"content":{"rendered":"<div data-elementor-type=\"wp-page\" data-elementor-id=\"27\" class=\"elementor elementor-27\" data-elementor-post-type=\"page\">\n\t\t\t\t<div class=\"elementor-element elementor-element-2bf8ee2d e-flex e-con-boxed e-con e-parent\" data-id=\"2bf8ee2d\" data-element_type=\"container\" data-settings=\"{&quot;background_background&quot;:&quot;classic&quot;}\">\n\t\t\t\t\t<div class=\"e-con-inner\">\n\t\t\t\t<div class=\"elementor-element elementor-element-6c3ae258 elementor-widget elementor-widget-heading\" data-id=\"6c3ae258\" data-element_type=\"widget\" data-widget_type=\"heading.default\">\n\t\t\t\t<div class=\"elementor-widget-container\">\n\t\t\t\t\t<h1 class=\"elementor-heading-title elementor-size-default\">Votre espace, sur mesure<\/h1>\t\t\t\t<\/div>\n\t\t\t\t<\/div>\n\t\t\t\t<div class=\"elementor-element elementor-element-6cb9ec0e elementor-widget__width-initial elementor-widget-tablet__width-initial elementor-widget elementor-widget-text-editor\" data-id=\"6cb9ec0e\" data-element_type=\"widget\" data-widget_type=\"text-editor.default\">\n\t\t\t\t<div class=\"elementor-widget-container\">\n\t\t\t\t\t\t\t\t\t<p>Personnalisez chaque d\u00e9tail de votre maison modulaire, choisissez la taille, l\u2019agencement, les finitions et cr\u00e9ez un espace qui vous ressemble vraiment.<\/p>\t\t\t\t\t\t\t\t<\/div>\n\t\t\t\t<\/div>\n\t\t\t\t<div class=\"elementor-element elementor-element-50fd2c6d elementor-align-center elementor-widget elementor-widget-button\" data-id=\"50fd2c6d\" data-element_type=\"widget\" data-widget_type=\"button.default\">\n\t\t\t\t<div class=\"elementor-widget-container\">\n\t\t\t\t\t\t\t\t\t<div class=\"elementor-button-wrapper\">\n\t\t\t\t\t<a class=\"elementor-button elementor-button-link elementor-size-sm elementor-animation-grow\" href=\"https:\/\/mormod.pt\/fr\/contacto\/\">\n\t\t\t\t\t\t<span class=\"elementor-button-content-wrapper\">\n\t\t\t\t\t\t\t\t\t<span class=\"elementor-button-text\">Contactez-nous<\/span>\n\t\t\t\t\t<\/span>\n\t\t\t\t\t<\/a>\n\t\t\t\t<\/div>\n\t\t\t\t\t\t\t\t<\/div>\n\t\t\t\t<\/div>\n\t\t\t\t\t<\/div>\n\t\t\t\t<\/div>\n\t\t<div class=\"elementor-element elementor-element-1546586f e-flex e-con-boxed e-con e-parent\" data-id=\"1546586f\" data-element_type=\"container\">\n\t\t\t\t\t<div class=\"e-con-inner\">\n\t\t<div class=\"elementor-element elementor-element-2e9e93b5 e-con-full e-flex e-con e-child\" data-id=\"2e9e93b5\" data-element_type=\"container\">\n\t\t\t\t<div class=\"elementor-element elementor-element-74504be9 elementor-widget elementor-widget-heading\" data-id=\"74504be9\" data-element_type=\"widget\" data-widget_type=\"heading.default\">\n\t\t\t\t<div class=\"elementor-widget-container\">\n\t\t\t\t\t<h2 class=\"elementor-heading-title elementor-size-default\">Projets authentiques et sur mesure<\/h2>\t\t\t\t<\/div>\n\t\t\t\t<\/div>\n\t\t\t\t<div class=\"elementor-element elementor-element-7c93ead0 elementor-widget elementor-widget-text-editor\" data-id=\"7c93ead0\" data-element_type=\"widget\" data-widget_type=\"text-editor.default\">\n\t\t\t\t<div class=\"elementor-widget-container\">\n\t\t\t\t\t\t\t\t\t<p>Mormod, chaque projet na\u00eet de l\u2019\u00e9quilibre entre design, fonctionnalit\u00e9 et art de vivre. Nous cr\u00e9ons des solutions modulaires qui s\u2019adaptent \u00e0 vos besoins, avec des agencements intelligents, des mat\u00e9riaux de qualit\u00e9 et une libert\u00e9 de choix.<br \/>De la taille de l\u2019espace aux finitions, tout est pens\u00e9 pour refl\u00e9ter votre identit\u00e9 et offrir une exp\u00e9rience de vie confortable, pratique et en harmonie avec l\u2019environnement alentour.<\/p>\t\t\t\t\t\t\t\t<\/div>\n\t\t\t\t<\/div>\n\t\t\t\t<\/div>\n\t\t\t\t\t<\/div>\n\t\t\t\t<\/div>\n\t\t<div class=\"elementor-element elementor-element-44a5272c e-flex e-con-boxed e-con e-parent\" data-id=\"44a5272c\" data-element_type=\"container\">\n\t\t\t\t\t<div class=\"e-con-inner\">\n\t\t\t\t<div class=\"elementor-element elementor-element-2e0cc4a9 elementor-widget elementor-widget-image\" data-id=\"2e0cc4a9\" data-element_type=\"widget\" data-widget_type=\"image.default\">\n\t\t\t\t<div class=\"elementor-widget-container\">\n\t\t\t\t\t\t\t\t\t\t\t\t\t\t\t<img fetchpriority=\"high\" decoding=\"async\" width=\"753\" height=\"1023\" src=\"https:\/\/mormod.pt\/wp-content\/uploads\/2026\/03\/Design-sem-nome-74.jpg\" class=\"attachment-large size-large wp-image-1894 wvs-archive-product-image\" alt=\"\" srcset=\"https:\/\/mormod.pt\/wp-content\/uploads\/2026\/03\/Design-sem-nome-74.jpg 753w, https:\/\/mormod.pt\/wp-content\/uploads\/2026\/03\/Design-sem-nome-74-221x300.jpg 221w, https:\/\/mormod.pt\/wp-content\/uploads\/2026\/03\/Design-sem-nome-74-9x12.jpg 9w, https:\/\/mormod.pt\/wp-content\/uploads\/2026\/03\/Design-sem-nome-74-600x815.jpg 600w\" sizes=\"(max-width: 753px) 100vw, 753px\" \/>\t\t\t\t\t\t\t\t\t\t\t\t\t\t\t<\/div>\n\t\t\t\t<\/div>\n\t\t<div class=\"elementor-element elementor-element-6715698c e-con-full e-flex e-con e-child\" data-id=\"6715698c\" data-element_type=\"container\">\n\t\t\t\t<div class=\"elementor-element elementor-element-b000b02 elementor-widget elementor-widget-heading\" data-id=\"b000b02\" data-element_type=\"widget\" data-widget_type=\"heading.default\">\n\t\t\t\t<div class=\"elementor-widget-container\">\n\t\t\t\t\t<h2 class=\"elementor-heading-title elementor-size-default\">Mod\u00e8les Modulaires Mormod<\/h2>\t\t\t\t<\/div>\n\t\t\t\t<\/div>\n\t\t\t\t<div class=\"elementor-element elementor-element-fe3bd51 elementor-widget elementor-widget-text-editor\" data-id=\"fe3bd51\" data-element_type=\"widget\" data-widget_type=\"text-editor.default\">\n\t\t\t\t<div class=\"elementor-widget-container\">\n\t\t\t\t\t\t\t\t\t<p><span style=\"font-weight: 400;\">La maison Mormod est construite avec une structure m\u00e9tallique l\u00e9g\u00e8re (LSF \u2013 Light Steel Framing), combinant robustesse, pr\u00e9cision et durabilit\u00e9. Chaque couche des composants est pens\u00e9e pour maximiser le confort et minimiser l\u2019impact environnemental.<\/span><\/p><p><span style=\"font-weight: 400;\">Composants principaux<\/span><\/p><p><span style=\"font-weight: 400;\">Cobertura:\u00a0<\/span><span style=\"font-weight: 400;\">Panneaux m\u00e9talliques avec isolation thermique et acoustique int\u00e9gr\u00e9e<\/span><\/p><p><span style=\"font-weight: 400;\">Murs ext\u00e9rieurs: syst\u00e8me LSF avec isolation en laine min\u00e9rale, protection contre l\u2019humidit\u00e9 et rev\u00eatement au choix<\/span><\/p><p><span style=\"font-weight: 400;\">Sol: Base renforc\u00e9e avec isolation thermique et acoustique, finitions en bois, c\u00e9ramique ou vinyle<\/span><\/p><p><span style=\"font-weight: 400;\">Instala\u00e7\u00f5es: <\/span><span style=\"font-weight: 400;\">Syst\u00e8mes \u00e9lectriques et hydrauliques int\u00e9gr\u00e9s en usine avec pr\u00e9 installation pour panneaux solaires<\/span><\/p>\t\t\t\t\t\t\t\t<\/div>\n\t\t\t\t<\/div>\n\t\t\t\t<div class=\"elementor-element elementor-element-5b5feb9b elementor-align-left elementor-widget elementor-widget-button\" data-id=\"5b5feb9b\" data-element_type=\"widget\" data-widget_type=\"button.default\">\n\t\t\t\t<div class=\"elementor-widget-container\">\n\t\t\t\t\t\t\t\t\t<div class=\"elementor-button-wrapper\">\n\t\t\t\t\t<a class=\"elementor-button elementor-button-link elementor-size-sm elementor-animation-grow\" href=\"https:\/\/mormod.pt\/fr\/#personalizar\">\n\t\t\t\t\t\t<span class=\"elementor-button-content-wrapper\">\n\t\t\t\t\t\t\t\t\t<span class=\"elementor-button-text\">Personnalisez votre maison<\/span>\n\t\t\t\t\t<\/span>\n\t\t\t\t\t<\/a>\n\t\t\t\t<\/div>\n\t\t\t\t\t\t\t\t<\/div>\n\t\t\t\t<\/div>\n\t\t\t\t<\/div>\n\t\t\t\t\t<\/div>\n\t\t\t\t<\/div>\n\t\t<div class=\"elementor-element elementor-element-2f60df19 e-flex e-con-boxed e-con e-parent\" data-id=\"2f60df19\" data-element_type=\"container\">\n\t\t\t\t\t<div class=\"e-con-inner\">\n\t\t<div class=\"elementor-element elementor-element-3158ebe7 e-con-full e-flex e-con e-child\" data-id=\"3158ebe7\" data-element_type=\"container\">\n\t\t\t\t<div class=\"elementor-element elementor-element-60716f6d elementor-widget elementor-widget-image\" data-id=\"60716f6d\" data-element_type=\"widget\" data-widget_type=\"image.default\">\n\t\t\t\t<div class=\"elementor-widget-container\">\n\t\t\t\t\t\t\t\t\t\t\t\t\t\t\t<img decoding=\"async\" width=\"800\" height=\"640\" src=\"https:\/\/mormod.pt\/wp-content\/uploads\/2026\/03\/7.jpg\" class=\"attachment-large size-large wp-image-1848 wvs-archive-product-image\" alt=\"\" srcset=\"https:\/\/mormod.pt\/wp-content\/uploads\/2026\/03\/7.jpg 1000w, https:\/\/mormod.pt\/wp-content\/uploads\/2026\/03\/7-300x240.jpg 300w, https:\/\/mormod.pt\/wp-content\/uploads\/2026\/03\/7-768x614.jpg 768w, https:\/\/mormod.pt\/wp-content\/uploads\/2026\/03\/7-15x12.jpg 15w, https:\/\/mormod.pt\/wp-content\/uploads\/2026\/03\/7-600x480.jpg 600w\" sizes=\"(max-width: 800px) 100vw, 800px\" \/>\t\t\t\t\t\t\t\t\t\t\t\t\t\t\t<\/div>\n\t\t\t\t<\/div>\n\t\t\t\t<\/div>\n\t\t<div class=\"elementor-element elementor-element-fa07cc e-con-full e-flex e-con e-child\" data-id=\"fa07cc\" data-element_type=\"container\">\n\t\t\t\t<div class=\"elementor-element elementor-element-17de93c5 elementor-widget elementor-widget-heading\" data-id=\"17de93c5\" data-element_type=\"widget\" data-widget_type=\"heading.default\">\n\t\t\t\t<div class=\"elementor-widget-container\">\n\t\t\t\t\t<h2 class=\"elementor-heading-title elementor-size-default\">Choisissez le style qui vous correspond<\/h2>\t\t\t\t<\/div>\n\t\t\t\t<\/div>\n\t\t\t\t<div class=\"elementor-element elementor-element-29d7c2c7 elementor-widget elementor-widget-text-editor\" data-id=\"29d7c2c7\" data-element_type=\"widget\" data-widget_type=\"text-editor.default\">\n\t\t\t\t<div class=\"elementor-widget-container\">\n\t\t\t\t\t\t\t\t\t<p>Gr\u00e2ce \u00e0 diff\u00e9rentes options de rev\u00eatements, de couleurs et de finitions, vous pouvez personnaliser l\u2019ext\u00e9rieur de votre maison Mormod afin qu\u2019elle s\u2019int\u00e8gre parfaitement \u00e0 l\u2019environnement o\u00f9 elle sera install\u00e9e.<br data-start=\"484\" data-end=\"487\" \/>Qu\u2019il s\u2019agisse d\u2019un style plus naturel, contemporain ou minimaliste, votre maison refl\u00e8te vos go\u00fbts et s\u2019adapte \u00e0 son environnement.<\/p>\t\t\t\t\t\t\t\t<\/div>\n\t\t\t\t<\/div>\n\t\t\t\t<\/div>\n\t\t\t\t\t<\/div>\n\t\t\t\t<\/div>\n\t\t<div class=\"elementor-element elementor-element-3fc6ced8 e-flex e-con-boxed e-con e-parent\" data-id=\"3fc6ced8\" data-element_type=\"container\">\n\t\t\t\t\t<div class=\"e-con-inner\">\n\t\t<div class=\"elementor-element elementor-element-49f743ac e-con-full e-flex e-con e-child\" data-id=\"49f743ac\" data-element_type=\"container\" data-settings=\"{&quot;background_background&quot;:&quot;classic&quot;}\">\n\t\t\t\t<div class=\"elementor-element elementor-element-3c2709ca elementor-widget elementor-widget-image\" data-id=\"3c2709ca\" data-element_type=\"widget\" data-widget_type=\"image.default\">\n\t\t\t\t<div class=\"elementor-widget-container\">\n\t\t\t\t\t\t\t\t\t\t\t\t\t\t\t<img decoding=\"async\" width=\"1000\" height=\"800\" src=\"https:\/\/mormod.pt\/wp-content\/uploads\/2026\/03\/Design-sem-nome-2025-12-31T000200.907.png\" class=\"attachment-full size-full wp-image-1895 wvs-archive-product-image\" alt=\"\" srcset=\"https:\/\/mormod.pt\/wp-content\/uploads\/2026\/03\/Design-sem-nome-2025-12-31T000200.907.png 1000w, https:\/\/mormod.pt\/wp-content\/uploads\/2026\/03\/Design-sem-nome-2025-12-31T000200.907-300x240.png 300w, https:\/\/mormod.pt\/wp-content\/uploads\/2026\/03\/Design-sem-nome-2025-12-31T000200.907-768x614.png 768w, https:\/\/mormod.pt\/wp-content\/uploads\/2026\/03\/Design-sem-nome-2025-12-31T000200.907-15x12.png 15w, https:\/\/mormod.pt\/wp-content\/uploads\/2026\/03\/Design-sem-nome-2025-12-31T000200.907-600x480.png 600w\" sizes=\"(max-width: 1000px) 100vw, 1000px\" \/>\t\t\t\t\t\t\t\t\t\t\t\t\t\t\t<\/div>\n\t\t\t\t<\/div>\n\t\t\t\t<\/div>\n\t\t<div class=\"elementor-element elementor-element-2965962c e-con-full e-flex e-con e-child\" data-id=\"2965962c\" data-element_type=\"container\">\n\t\t\t\t<div class=\"elementor-element elementor-element-28adeb7c elementor-widget elementor-widget-heading\" data-id=\"28adeb7c\" data-element_type=\"widget\" data-widget_type=\"heading.default\">\n\t\t\t\t<div class=\"elementor-widget-container\">\n\t\t\t\t\t<h2 class=\"elementor-heading-title elementor-size-default\">Organisez vos espaces \u00e0 votre fa\u00e7on<\/h2>\t\t\t\t<\/div>\n\t\t\t\t<\/div>\n\t\t\t\t<div class=\"elementor-element elementor-element-277f5f1c elementor-widget elementor-widget-text-editor\" data-id=\"277f5f1c\" data-element_type=\"widget\" data-widget_type=\"text-editor.default\">\n\t\t\t\t<div class=\"elementor-widget-container\">\n\t\t\t\t\t\t\t\t\t<p class=\"translation-block\">Vous pouvez choisir la configuration int\u00e9rieure id\u00e9ale pour votre quotidien. D\u00e9finissez le nombre de chambres, la disposition des espaces, la position de la terrasse et l\u2019exploitation de la lumi\u00e8re naturelle. Nous cr\u00e9ons des modules intelligents afin que chaque espace r\u00e9ponde \u00e0 votre confort et \u00e0 votre style de vie.<\/p>\t\t\t\t\t\t\t\t<\/div>\n\t\t\t\t<\/div>\n\t\t\t\t<\/div>\n\t\t\t\t\t<\/div>\n\t\t\t\t<\/div>\n\t\t\t\t<\/div>","protected":false},"excerpt":{"rendered":"<p>O Seu Espa\u00e7o \u00e0 Sua Medida Personalize cada detalhe da sua casa modular, escolha o tamanho, layout, acabamentos e crie um espa\u00e7o verdadeiramente seu FALE CONNOSCO Projetos aut\u00eanticos e sob medida Mormod, cada projeto nasce do equil\u00edbrio entre design, funcionalidade e estilo de vida. Criamos solu\u00e7\u00f5es modulares que se adaptam \u00e0s suas necessidades, com layouts [&hellip;]<\/p>","protected":false},"author":1,"featured_media":0,"parent":0,"menu_order":0,"comment_status":"closed","ping_status":"closed","template":"elementor_header_footer","meta":{"inline_featured_image":false,"footnotes":""},"class_list":["post-27","page","type-page","status-publish","hentry"],"yoast_head":"<!-- This site is optimized with the Yoast SEO plugin v26.7 - https:\/\/yoast.com\/wordpress\/plugins\/seo\/ -->\n<title>Projete sua Casa Modular sob Medida | Mormod<\/title>\n<meta name=\"description\" content=\"Na Mormod voc\u00ea pode projetar sua casa modular de forma personalizada. Escolha o interior, o tamnho e o estilo da faxada.\" \/>\n<meta name=\"robots\" content=\"index, follow, max-snippet:-1, max-image-preview:large, max-video-preview:-1\" \/>\n<link rel=\"canonical\" href=\"https:\/\/mormod.pt\/fr\/projete-seu-espaco\/\" \/>\n<meta property=\"og:locale\" content=\"fr_FR\" \/>\n<meta property=\"og:type\" content=\"article\" \/>\n<meta property=\"og:title\" content=\"Projete sua Casa Modular sob Medida | Mormod\" \/>\n<meta property=\"og:description\" content=\"Na Mormod voc\u00ea pode projetar sua casa modular de forma personalizada. Escolha o interior, o tamnho e o estilo da faxada.\" \/>\n<meta property=\"og:url\" content=\"https:\/\/mormod.pt\/fr\/projete-seu-espaco\/\" \/>\n<meta property=\"og:site_name\" content=\"Mormod\" \/>\n<meta property=\"article:publisher\" content=\"https:\/\/www.facebook.com\/p\/Mormod-61575240494873\/\" \/>\n<meta property=\"article:modified_time\" content=\"2026-03-12T18:48:19+00:00\" \/>\n<meta property=\"og:image\" content=\"https:\/\/mormod.pt\/wp-content\/uploads\/2026\/03\/Design-sem-nome-74.jpg\" \/>\n\t<meta property=\"og:image:width\" content=\"753\" \/>\n\t<meta property=\"og:image:height\" content=\"1023\" \/>\n\t<meta property=\"og:image:type\" content=\"image\/jpeg\" \/>\n<meta name=\"twitter:card\" content=\"summary_large_image\" \/>\n<meta name=\"twitter:label1\" content=\"Dur\u00e9e de lecture estim\u00e9e\" \/>\n\t<meta name=\"twitter:data1\" content=\"3 minutes\" \/>\n<script type=\"application\/ld+json\" class=\"yoast-schema-graph\">{\"@context\":\"https:\/\/schema.org\",\"@graph\":[{\"@type\":\"WebPage\",\"@id\":\"https:\/\/mormod.pt\/projete-seu-espaco\/\",\"url\":\"https:\/\/mormod.pt\/projete-seu-espaco\/\",\"name\":\"Projete sua Casa Modular sob Medida | Mormod\",\"isPartOf\":{\"@id\":\"https:\/\/mormod.pt\/#website\"},\"primaryImageOfPage\":{\"@id\":\"https:\/\/mormod.pt\/projete-seu-espaco\/#primaryimage\"},\"image\":{\"@id\":\"https:\/\/mormod.pt\/projete-seu-espaco\/#primaryimage\"},\"thumbnailUrl\":\"https:\/\/mormod.pt\/wp-content\/uploads\/2026\/03\/Design-sem-nome-74.jpg\",\"datePublished\":\"2025-02-03T17:45:38+00:00\",\"dateModified\":\"2026-03-12T18:48:19+00:00\",\"description\":\"Na Mormod voc\u00ea pode projetar sua casa modular de forma personalizada. Escolha o interior, o tamnho e o estilo da faxada.\",\"breadcrumb\":{\"@id\":\"https:\/\/mormod.pt\/projete-seu-espaco\/#breadcrumb\"},\"inLanguage\":\"fr-FR\",\"potentialAction\":[{\"@type\":\"ReadAction\",\"target\":[\"https:\/\/mormod.pt\/projete-seu-espaco\/\"]}]},{\"@type\":\"ImageObject\",\"inLanguage\":\"fr-FR\",\"@id\":\"https:\/\/mormod.pt\/projete-seu-espaco\/#primaryimage\",\"url\":\"https:\/\/mormod.pt\/wp-content\/uploads\/2026\/03\/Design-sem-nome-74.jpg\",\"contentUrl\":\"https:\/\/mormod.pt\/wp-content\/uploads\/2026\/03\/Design-sem-nome-74.jpg\"},{\"@type\":\"BreadcrumbList\",\"@id\":\"https:\/\/mormod.pt\/projete-seu-espaco\/#breadcrumb\",\"itemListElement\":[{\"@type\":\"ListItem\",\"position\":1,\"name\":\"In\u00edcio\",\"item\":\"https:\/\/mormod.pt\/\"},{\"@type\":\"ListItem\",\"position\":2,\"name\":\"Projete seu espa\u00e7o\"}]},{\"@type\":\"WebSite\",\"@id\":\"https:\/\/mormod.pt\/#website\",\"url\":\"https:\/\/mormod.pt\/\",\"name\":\"Mormod Modular System\",\"description\":\"Modular System\",\"publisher\":{\"@id\":\"https:\/\/mormod.pt\/#organization\"},\"potentialAction\":[{\"@type\":\"SearchAction\",\"target\":{\"@type\":\"EntryPoint\",\"urlTemplate\":\"https:\/\/mormod.pt\/?s={search_term_string}\"},\"query-input\":{\"@type\":\"PropertyValueSpecification\",\"valueRequired\":true,\"valueName\":\"search_term_string\"}}],\"inLanguage\":\"fr-FR\"},{\"@type\":\"Organization\",\"@id\":\"https:\/\/mormod.pt\/#organization\",\"name\":\"Mormod\",\"url\":\"https:\/\/mormod.pt\/\",\"logo\":{\"@type\":\"ImageObject\",\"inLanguage\":\"fr-FR\",\"@id\":\"https:\/\/mormod.pt\/#\/schema\/logo\/image\/\",\"url\":\"https:\/\/mormod.pt\/wp-content\/uploads\/2025\/02\/Design-sem-nome-98-e1739211116137.png\",\"contentUrl\":\"https:\/\/mormod.pt\/wp-content\/uploads\/2025\/02\/Design-sem-nome-98-e1739211116137.png\",\"width\":403,\"height\":113,\"caption\":\"Mormod\"},\"image\":{\"@id\":\"https:\/\/mormod.pt\/#\/schema\/logo\/image\/\"},\"sameAs\":[\"https:\/\/www.facebook.com\/p\/Mormod-61575240494873\/\",\"https:\/\/www.instagram.com\/mormod_modularsystem\/\"]}]}<\/script>\n<!-- \/ Yoast SEO plugin. -->","yoast_head_json":{"title":"Projete sua Casa Modular sob Medida | Mormod","description":"Na Mormod voc\u00ea pode projetar sua casa modular de forma personalizada. Escolha o interior, o tamnho e o estilo da faxada.","robots":{"index":"index","follow":"follow","max-snippet":"max-snippet:-1","max-image-preview":"max-image-preview:large","max-video-preview":"max-video-preview:-1"},"canonical":"https:\/\/mormod.pt\/fr\/projete-seu-espaco\/","og_locale":"fr_FR","og_type":"article","og_title":"Projete sua Casa Modular sob Medida | Mormod","og_description":"Na Mormod voc\u00ea pode projetar sua casa modular de forma personalizada. Escolha o interior, o tamnho e o estilo da faxada.","og_url":"https:\/\/mormod.pt\/fr\/projete-seu-espaco\/","og_site_name":"Mormod","article_publisher":"https:\/\/www.facebook.com\/p\/Mormod-61575240494873\/","article_modified_time":"2026-03-12T18:48:19+00:00","og_image":[{"width":753,"height":1023,"url":"https:\/\/mormod.pt\/wp-content\/uploads\/2026\/03\/Design-sem-nome-74.jpg","type":"image\/jpeg"}],"twitter_card":"summary_large_image","twitter_misc":{"Dur\u00e9e de lecture estim\u00e9e":"3 minutes"},"schema":{"@context":"https:\/\/schema.org","@graph":[{"@type":"WebPage","@id":"https:\/\/mormod.pt\/projete-seu-espaco\/","url":"https:\/\/mormod.pt\/projete-seu-espaco\/","name":"Projete sua Casa Modular sob Medida | Mormod","isPartOf":{"@id":"https:\/\/mormod.pt\/#website"},"primaryImageOfPage":{"@id":"https:\/\/mormod.pt\/projete-seu-espaco\/#primaryimage"},"image":{"@id":"https:\/\/mormod.pt\/projete-seu-espaco\/#primaryimage"},"thumbnailUrl":"https:\/\/mormod.pt\/wp-content\/uploads\/2026\/03\/Design-sem-nome-74.jpg","datePublished":"2025-02-03T17:45:38+00:00","dateModified":"2026-03-12T18:48:19+00:00","description":"Na Mormod voc\u00ea pode projetar sua casa modular de forma personalizada. Escolha o interior, o tamnho e o estilo da faxada.","breadcrumb":{"@id":"https:\/\/mormod.pt\/projete-seu-espaco\/#breadcrumb"},"inLanguage":"fr-FR","potentialAction":[{"@type":"ReadAction","target":["https:\/\/mormod.pt\/projete-seu-espaco\/"]}]},{"@type":"ImageObject","inLanguage":"fr-FR","@id":"https:\/\/mormod.pt\/projete-seu-espaco\/#primaryimage","url":"https:\/\/mormod.pt\/wp-content\/uploads\/2026\/03\/Design-sem-nome-74.jpg","contentUrl":"https:\/\/mormod.pt\/wp-content\/uploads\/2026\/03\/Design-sem-nome-74.jpg"},{"@type":"BreadcrumbList","@id":"https:\/\/mormod.pt\/projete-seu-espaco\/#breadcrumb","itemListElement":[{"@type":"ListItem","position":1,"name":"In\u00edcio","item":"https:\/\/mormod.pt\/"},{"@type":"ListItem","position":2,"name":"Projete seu espa\u00e7o"}]},{"@type":"WebSite","@id":"https:\/\/mormod.pt\/#website","url":"https:\/\/mormod.pt\/","name":"Mormod Modular System","description":"Modular System","publisher":{"@id":"https:\/\/mormod.pt\/#organization"},"potentialAction":[{"@type":"SearchAction","target":{"@type":"EntryPoint","urlTemplate":"https:\/\/mormod.pt\/?s={search_term_string}"},"query-input":{"@type":"PropertyValueSpecification","valueRequired":true,"valueName":"search_term_string"}}],"inLanguage":"fr-FR"},{"@type":"Organization","@id":"https:\/\/mormod.pt\/#organization","name":"Mormod","url":"https:\/\/mormod.pt\/","logo":{"@type":"ImageObject","inLanguage":"fr-FR","@id":"https:\/\/mormod.pt\/#\/schema\/logo\/image\/","url":"https:\/\/mormod.pt\/wp-content\/uploads\/2025\/02\/Design-sem-nome-98-e1739211116137.png","contentUrl":"https:\/\/mormod.pt\/wp-content\/uploads\/2025\/02\/Design-sem-nome-98-e1739211116137.png","width":403,"height":113,"caption":"Mormod"},"image":{"@id":"https:\/\/mormod.pt\/#\/schema\/logo\/image\/"},"sameAs":["https:\/\/www.facebook.com\/p\/Mormod-61575240494873\/","https:\/\/www.instagram.com\/mormod_modularsystem\/"]}]}},"_links":{"self":[{"href":"https:\/\/mormod.pt\/fr\/wp-json\/wp\/v2\/pages\/27","targetHints":{"allow":["GET"]}}],"collection":[{"href":"https:\/\/mormod.pt\/fr\/wp-json\/wp\/v2\/pages"}],"about":[{"href":"https:\/\/mormod.pt\/fr\/wp-json\/wp\/v2\/types\/page"}],"author":[{"embeddable":true,"href":"https:\/\/mormod.pt\/fr\/wp-json\/wp\/v2\/users\/1"}],"replies":[{"embeddable":true,"href":"https:\/\/mormod.pt\/fr\/wp-json\/wp\/v2\/comments?post=27"}],"version-history":[{"count":30,"href":"https:\/\/mormod.pt\/fr\/wp-json\/wp\/v2\/pages\/27\/revisions"}],"predecessor-version":[{"id":1905,"href":"https:\/\/mormod.pt\/fr\/wp-json\/wp\/v2\/pages\/27\/revisions\/1905"}],"wp:attachment":[{"href":"https:\/\/mormod.pt\/fr\/wp-json\/wp\/v2\/media?parent=27"}],"curies":[{"name":"wp","href":"https:\/\/api.w.org\/{rel}","templated":true}]}}