{"id":345,"date":"2025-02-24T09:06:11","date_gmt":"2025-02-24T09:06:11","guid":{"rendered":"https:\/\/theproducer.click\/casacontainer\/?page_id=345"},"modified":"2026-03-12T20:12:53","modified_gmt":"2026-03-12T20:12:53","slug":"politica-de-privacidade","status":"publish","type":"page","link":"https:\/\/mormod.pt\/fr\/politica-de-privacidade\/","title":{"rendered":"Pol\u00edtica de Privacidade"},"content":{"rendered":"<div data-elementor-type=\"wp-page\" data-elementor-id=\"345\" class=\"elementor elementor-345\" data-elementor-post-type=\"page\">\n\t\t\t\t<div class=\"elementor-element elementor-element-9cde663 e-flex e-con-boxed e-con e-parent\" data-id=\"9cde663\" data-element_type=\"container\" data-settings=\"{&quot;background_background&quot;:&quot;classic&quot;}\">\n\t\t\t\t\t<div class=\"e-con-inner\">\n\t\t\t\t<div class=\"elementor-element elementor-element-d71a743 elementor-widget elementor-widget-heading\" data-id=\"d71a743\" data-element_type=\"widget\" data-widget_type=\"heading.default\">\n\t\t\t\t<div class=\"elementor-widget-container\">\n\t\t\t\t\t<h2 class=\"elementor-heading-title elementor-size-default\">Politique de confidentialit\u00e9<\/h2>\t\t\t\t<\/div>\n\t\t\t\t<\/div>\n\t\t\t\t\t<\/div>\n\t\t\t\t<\/div>\n\t\t<div class=\"elementor-element elementor-element-9a6179b e-flex e-con-boxed e-con e-parent\" data-id=\"9a6179b\" data-element_type=\"container\" data-settings=\"{&quot;background_background&quot;:&quot;classic&quot;}\">\n\t\t\t\t\t<div class=\"e-con-inner\">\n\t\t\t\t<div class=\"elementor-element elementor-element-ad4208e elementor-widget elementor-widget-text-editor\" data-id=\"ad4208e\" data-element_type=\"widget\" data-widget_type=\"text-editor.default\">\n\t\t\t\t<div class=\"elementor-widget-container\">\n\t\t\t\t\t\t\t\t\t<h2><span style=\"color: #444444;\">Politique de confidentialit\u00e9<\/span><\/h2><p class=\"translation-block\">Votre vie priv\u00e9e est importante pour nous. La politique de Mormod Modular System est de respecter votre vie priv\u00e9e concernant toute information que nous pouvons collecter sur le site Mormod Modular System ainsi que sur d\u2019autres sites que nous poss\u00e9dons et exploitons.<\/p><p><span style=\"color: #444444;\">Nous ne demandons des informations personnelles que lorsque cela est r\u00e9ellement n\u00e9cessaire pour vous fournir un service. Nous le faisons par des moyens justes et l\u00e9gaux, avec votre connaissance et votre consentement. Nous vous informons \u00e9galement des raisons de la collecte et de l\u2019utilisation qui en sera faite.<\/span><\/p><p><span style=\"color: #444444;\">Nous conservons les informations collect\u00e9es uniquement pendant la dur\u00e9e n\u00e9cessaire \u00e0 la fourniture du service demand\u00e9. Lorsque nous stockons des donn\u00e9es, nous les prot\u00e9geons par des moyens commercialement acceptables afin d\u2019\u00e9viter les pertes, les vols, ainsi que tout acc\u00e8s, divulgation, copie, utilisation ou modification non autoris\u00e9s.<\/span><\/p><p><span style=\"color: #444444;\">Nous ne partageons pas d\u2019informations permettant l\u2019identification personnelle publiquement ni avec des tiers, sauf lorsque la loi l\u2019exige.<\/span><\/p><p><span style=\"color: #444444;\">Notre site peut contenir des liens vers des sites externes qui ne sont pas exploit\u00e9s par nous. Veuillez noter que nous n\u2019avons aucun contr\u00f4le sur le contenu et les pratiques de ces sites et que nous ne pouvons pas assumer la responsabilit\u00e9 de leurs politiques respectives.\u00a0<\/span><a style=\"background-color: transparent; color: #444444;\" href=\"https:\/\/politicaprivacidade.com\/\" target=\"_blank\" rel=\"noopener noreferrer\">pol\u00edticas de privacidade<\/a><span style=\"color: #444444;\">.<\/span><\/p><p><span style=\"color: #444444;\">Vous \u00eates libre de refuser notre demande d\u2019informations personnelles, en comprenant que nous pourrions ne pas \u00eatre en mesure de fournir certains services souhait\u00e9s.<\/span><\/p><p><span style=\"color: #444444;\">L\u2019utilisation continue de notre site sera consid\u00e9r\u00e9e comme une acceptation de nos pratiques en mati\u00e8re de confidentialit\u00e9 et d\u2019informations personnelles. Si vous avez des questions sur la mani\u00e8re dont nous traitons les donn\u00e9es des utilisateurs et les informations personnelles, veuillez nous contacter.<\/span><\/p><p>\u00a0<\/p><ul><li><span style=\"color: #444444;\">Le service Google AdSense que nous utilisons pour diffuser de la publicit\u00e9 utilise un cookie DoubleClick afin d\u2019afficher des annonces plus pertinentes sur le Web et de limiter le nombre de fois qu\u2019une annonce sp\u00e9cifique vous est pr\u00e9sent\u00e9e.<\/span><\/li><li><span style=\"color: #444444;\">Pour plus d\u2019informations sur Google AdSense, veuillez consulter la FAQ officielle relative \u00e0 la confidentialit\u00e9 de Google AdSense.<\/span><\/li><li><span style=\"color: #444444;\">Nous utilisons la publicit\u00e9 pour compenser les co\u00fbts de fonctionnement de ce site et financer les d\u00e9veloppements futurs. Les cookies de publicit\u00e9 comportementale utilis\u00e9s par ce site sont con\u00e7us pour vous proposer des annonces aussi pertinentes que possible, en suivant anonymement vos centres d\u2019int\u00e9r\u00eat et en vous pr\u00e9sentant des contenus similaires susceptibles de vous int\u00e9resser.<\/span><\/li><li><span style=\"color: #444444;\">Plusieurs partenaires annoncent en notre nom, et les cookies de suivi d\u2019affiliation nous permettent simplement de savoir si nos clients ont acc\u00e9d\u00e9 au site via l\u2019un des sites de nos partenaires, afin que nous puissions les cr\u00e9diter correctement et, le cas \u00e9ch\u00e9ant, permettre \u00e0 nos partenaires affili\u00e9s d\u2019offrir toute promotion pouvant vous apporter un avantage lors d\u2019un achat.<\/span><\/li><\/ul><p>\u00a0<\/p><p>\u00a0<\/p><h3><span style=\"color: #444444;\">Engagement de l\u2019utilisateur<\/span><\/h3><p><span style=\"color: #444444;\">L\u2019utilisateur s\u2019engage \u00e0 faire un usage appropri\u00e9 des contenus et des informations que Mormod Modular System met \u00e0 disposition sur le site, \u00e0 titre \u00e9nonciatif et non limitatif :<\/span><\/p><ul><li><span style=\"color: #444444;\">Ne pas se livrer \u00e0 des activit\u00e9s ill\u00e9gales ou contraires \u00e0 la bonne foi et \u00e0 l\u2019ordre public.<\/span><\/li><li><span style=\"color: #444444;\">B) Ne pas diffuser de propagande ou de contenus \u00e0 caract\u00e8re raciste, x\u00e9nophobe, li\u00e9s aux jeux de hasard ou d\u2019argent, toute forme de pornographie ill\u00e9gale, d\u2019apologie du terrorisme ou contraires aux droits de l\u2019homme.<\/span><\/li><li><span style=\"color: #444444;\">C) Ne pas causer de dommages aux syst\u00e8mes physiques (mat\u00e9riels) et logiques (logiciels) de Mormod Modular System, de ses fournisseurs ou de tiers, en introduisant ou en diffusant des virus informatiques ou tout autre syst\u00e8me mat\u00e9riel ou logiciel susceptible de provoquer les dommages mentionn\u00e9s ci-dessus.<\/span><\/li><\/ul><h3><span style=\"color: #444444;\">Plus d\u2019informations<\/span><\/h3><p><span style=\"color: #444444;\">Nous esp\u00e9rons que cela a \u00e9t\u00e9 clarifi\u00e9 et, comme mentionn\u00e9 pr\u00e9c\u00e9demment, si vous n\u2019\u00eates pas certain de savoir si vous en avez besoin ou non, il est g\u00e9n\u00e9ralement plus s\u00fbr de laisser les cookies activ\u00e9s au cas o\u00f9 vous interagiriez avec l\u2019une des fonctionnalit\u00e9s que vous utilisez sur notre site.<\/span><\/p><p><span style=\"color: #444444;\">Cette politique est en vigueur \u00e0 partir du 30 d\u00e9cembre 2025 \u00e0 16:10.<\/span><\/p>\t\t\t\t\t\t\t\t<\/div>\n\t\t\t\t<\/div>\n\t\t\t\t\t<\/div>\n\t\t\t\t<\/div>\n\t\t\t\t<\/div>","protected":false},"excerpt":{"rendered":"<p>POL\u00cdTICA DE PRIVACIDADE Pol\u00edtica Privacidade A sua privacidade \u00e9 importante para n\u00f3s. \u00c9 pol\u00edtica do Mormod Modular System respeitar a sua privacidade em rela\u00e7\u00e3o a qualquer informa\u00e7\u00e3o sua que possamos coletar no site Mormod Modular System, e outros sites que possu\u00edmos e operamos. Solicitamos informa\u00e7\u00f5es pessoais apenas quando realmente precisamos delas para lhe fornecer um [&hellip;]<\/p>","protected":false},"author":1,"featured_media":0,"parent":0,"menu_order":0,"comment_status":"closed","ping_status":"closed","template":"elementor_header_footer","meta":{"inline_featured_image":false,"footnotes":""},"class_list":["post-345","page","type-page","status-publish","hentry"],"yoast_head":"<!-- This site is optimized with the Yoast SEO plugin v26.7 - https:\/\/yoast.com\/wordpress\/plugins\/seo\/ -->\n<title>Pol\u00edtica de Privacidade - Mormod<\/title>\n<meta name=\"robots\" content=\"index, follow, max-snippet:-1, max-image-preview:large, max-video-preview:-1\" \/>\n<link rel=\"canonical\" href=\"https:\/\/mormod.pt\/fr\/politica-de-privacidade\/\" \/>\n<meta property=\"og:locale\" content=\"fr_FR\" \/>\n<meta property=\"og:type\" content=\"article\" \/>\n<meta property=\"og:title\" content=\"Pol\u00edtica de Privacidade - Mormod\" \/>\n<meta property=\"og:description\" content=\"POL\u00cdTICA DE PRIVACIDADE Pol\u00edtica Privacidade A sua privacidade \u00e9 importante para n\u00f3s. \u00c9 pol\u00edtica do Mormod Modular System respeitar a sua privacidade em rela\u00e7\u00e3o a qualquer informa\u00e7\u00e3o sua que possamos coletar no site Mormod Modular System, e outros sites que possu\u00edmos e operamos. Solicitamos informa\u00e7\u00f5es pessoais apenas quando realmente precisamos delas para lhe fornecer um [&hellip;]\" \/>\n<meta property=\"og:url\" content=\"https:\/\/mormod.pt\/fr\/politica-de-privacidade\/\" \/>\n<meta property=\"og:site_name\" content=\"Mormod\" \/>\n<meta property=\"article:publisher\" content=\"https:\/\/www.facebook.com\/p\/Mormod-61575240494873\/\" \/>\n<meta property=\"article:modified_time\" content=\"2026-03-12T20:12:53+00:00\" \/>\n<meta name=\"twitter:card\" content=\"summary_large_image\" \/>\n<meta name=\"twitter:label1\" content=\"Dur\u00e9e de lecture estim\u00e9e\" \/>\n\t<meta name=\"twitter:data1\" content=\"4 minutes\" \/>\n<script type=\"application\/ld+json\" class=\"yoast-schema-graph\">{\"@context\":\"https:\/\/schema.org\",\"@graph\":[{\"@type\":\"WebPage\",\"@id\":\"https:\/\/mormod.pt\/politica-de-privacidade\/\",\"url\":\"https:\/\/mormod.pt\/politica-de-privacidade\/\",\"name\":\"Pol\u00edtica de Privacidade - Mormod\",\"isPartOf\":{\"@id\":\"https:\/\/mormod.pt\/#website\"},\"datePublished\":\"2025-02-24T09:06:11+00:00\",\"dateModified\":\"2026-03-12T20:12:53+00:00\",\"breadcrumb\":{\"@id\":\"https:\/\/mormod.pt\/politica-de-privacidade\/#breadcrumb\"},\"inLanguage\":\"fr-FR\",\"potentialAction\":[{\"@type\":\"ReadAction\",\"target\":[\"https:\/\/mormod.pt\/politica-de-privacidade\/\"]}]},{\"@type\":\"BreadcrumbList\",\"@id\":\"https:\/\/mormod.pt\/politica-de-privacidade\/#breadcrumb\",\"itemListElement\":[{\"@type\":\"ListItem\",\"position\":1,\"name\":\"In\u00edcio\",\"item\":\"https:\/\/mormod.pt\/\"},{\"@type\":\"ListItem\",\"position\":2,\"name\":\"Pol\u00edtica de Privacidade\"}]},{\"@type\":\"WebSite\",\"@id\":\"https:\/\/mormod.pt\/#website\",\"url\":\"https:\/\/mormod.pt\/\",\"name\":\"Mormod Modular System\",\"description\":\"Modular System\",\"publisher\":{\"@id\":\"https:\/\/mormod.pt\/#organization\"},\"potentialAction\":[{\"@type\":\"SearchAction\",\"target\":{\"@type\":\"EntryPoint\",\"urlTemplate\":\"https:\/\/mormod.pt\/?s={search_term_string}\"},\"query-input\":{\"@type\":\"PropertyValueSpecification\",\"valueRequired\":true,\"valueName\":\"search_term_string\"}}],\"inLanguage\":\"fr-FR\"},{\"@type\":\"Organization\",\"@id\":\"https:\/\/mormod.pt\/#organization\",\"name\":\"Mormod\",\"url\":\"https:\/\/mormod.pt\/\",\"logo\":{\"@type\":\"ImageObject\",\"inLanguage\":\"fr-FR\",\"@id\":\"https:\/\/mormod.pt\/#\/schema\/logo\/image\/\",\"url\":\"https:\/\/mormod.pt\/wp-content\/uploads\/2025\/02\/Design-sem-nome-98-e1739211116137.png\",\"contentUrl\":\"https:\/\/mormod.pt\/wp-content\/uploads\/2025\/02\/Design-sem-nome-98-e1739211116137.png\",\"width\":403,\"height\":113,\"caption\":\"Mormod\"},\"image\":{\"@id\":\"https:\/\/mormod.pt\/#\/schema\/logo\/image\/\"},\"sameAs\":[\"https:\/\/www.facebook.com\/p\/Mormod-61575240494873\/\",\"https:\/\/www.instagram.com\/mormod_modularsystem\/\"]}]}<\/script>\n<!-- \/ Yoast SEO plugin. -->","yoast_head_json":{"title":"Pol\u00edtica de Privacidade - Mormod","robots":{"index":"index","follow":"follow","max-snippet":"max-snippet:-1","max-image-preview":"max-image-preview:large","max-video-preview":"max-video-preview:-1"},"canonical":"https:\/\/mormod.pt\/fr\/politica-de-privacidade\/","og_locale":"fr_FR","og_type":"article","og_title":"Pol\u00edtica de Privacidade - Mormod","og_description":"POL\u00cdTICA DE PRIVACIDADE Pol\u00edtica Privacidade A sua privacidade \u00e9 importante para n\u00f3s. \u00c9 pol\u00edtica do Mormod Modular System respeitar a sua privacidade em rela\u00e7\u00e3o a qualquer informa\u00e7\u00e3o sua que possamos coletar no site Mormod Modular System, e outros sites que possu\u00edmos e operamos. Solicitamos informa\u00e7\u00f5es pessoais apenas quando realmente precisamos delas para lhe fornecer um [&hellip;]","og_url":"https:\/\/mormod.pt\/fr\/politica-de-privacidade\/","og_site_name":"Mormod","article_publisher":"https:\/\/www.facebook.com\/p\/Mormod-61575240494873\/","article_modified_time":"2026-03-12T20:12:53+00:00","twitter_card":"summary_large_image","twitter_misc":{"Dur\u00e9e de lecture estim\u00e9e":"4 minutes"},"schema":{"@context":"https:\/\/schema.org","@graph":[{"@type":"WebPage","@id":"https:\/\/mormod.pt\/politica-de-privacidade\/","url":"https:\/\/mormod.pt\/politica-de-privacidade\/","name":"Pol\u00edtica de Privacidade - Mormod","isPartOf":{"@id":"https:\/\/mormod.pt\/#website"},"datePublished":"2025-02-24T09:06:11+00:00","dateModified":"2026-03-12T20:12:53+00:00","breadcrumb":{"@id":"https:\/\/mormod.pt\/politica-de-privacidade\/#breadcrumb"},"inLanguage":"fr-FR","potentialAction":[{"@type":"ReadAction","target":["https:\/\/mormod.pt\/politica-de-privacidade\/"]}]},{"@type":"BreadcrumbList","@id":"https:\/\/mormod.pt\/politica-de-privacidade\/#breadcrumb","itemListElement":[{"@type":"ListItem","position":1,"name":"In\u00edcio","item":"https:\/\/mormod.pt\/"},{"@type":"ListItem","position":2,"name":"Pol\u00edtica de Privacidade"}]},{"@type":"WebSite","@id":"https:\/\/mormod.pt\/#website","url":"https:\/\/mormod.pt\/","name":"Mormod Modular System","description":"Modular System","publisher":{"@id":"https:\/\/mormod.pt\/#organization"},"potentialAction":[{"@type":"SearchAction","target":{"@type":"EntryPoint","urlTemplate":"https:\/\/mormod.pt\/?s={search_term_string}"},"query-input":{"@type":"PropertyValueSpecification","valueRequired":true,"valueName":"search_term_string"}}],"inLanguage":"fr-FR"},{"@type":"Organization","@id":"https:\/\/mormod.pt\/#organization","name":"Mormod","url":"https:\/\/mormod.pt\/","logo":{"@type":"ImageObject","inLanguage":"fr-FR","@id":"https:\/\/mormod.pt\/#\/schema\/logo\/image\/","url":"https:\/\/mormod.pt\/wp-content\/uploads\/2025\/02\/Design-sem-nome-98-e1739211116137.png","contentUrl":"https:\/\/mormod.pt\/wp-content\/uploads\/2025\/02\/Design-sem-nome-98-e1739211116137.png","width":403,"height":113,"caption":"Mormod"},"image":{"@id":"https:\/\/mormod.pt\/#\/schema\/logo\/image\/"},"sameAs":["https:\/\/www.facebook.com\/p\/Mormod-61575240494873\/","https:\/\/www.instagram.com\/mormod_modularsystem\/"]}]}},"_links":{"self":[{"href":"https:\/\/mormod.pt\/fr\/wp-json\/wp\/v2\/pages\/345","targetHints":{"allow":["GET"]}}],"collection":[{"href":"https:\/\/mormod.pt\/fr\/wp-json\/wp\/v2\/pages"}],"about":[{"href":"https:\/\/mormod.pt\/fr\/wp-json\/wp\/v2\/types\/page"}],"author":[{"embeddable":true,"href":"https:\/\/mormod.pt\/fr\/wp-json\/wp\/v2\/users\/1"}],"replies":[{"embeddable":true,"href":"https:\/\/mormod.pt\/fr\/wp-json\/wp\/v2\/comments?post=345"}],"version-history":[{"count":3,"href":"https:\/\/mormod.pt\/fr\/wp-json\/wp\/v2\/pages\/345\/revisions"}],"predecessor-version":[{"id":1945,"href":"https:\/\/mormod.pt\/fr\/wp-json\/wp\/v2\/pages\/345\/revisions\/1945"}],"wp:attachment":[{"href":"https:\/\/mormod.pt\/fr\/wp-json\/wp\/v2\/media?parent=345"}],"curies":[{"name":"wp","href":"https:\/\/api.w.org\/{rel}","templated":true}]}}